{"id":6,"date":"2023-02-20T14:01:14","date_gmt":"2023-02-20T17:01:14","guid":{"rendered":"https:\/\/raphaelalves.tech\/?page_id=6"},"modified":"2025-05-13T11:15:07","modified_gmt":"2025-05-13T14:15:07","slug":"home","status":"publish","type":"page","link":"https:\/\/raphaelalves.tech\/","title":{"rendered":"Home"},"content":{"rendered":"\n<p class=\"uag-hide-desktop uag-hide-tab uag-hide-mob\"><\/p>\n\n\n\n<section class=\"wp-block-uagb-container uagb-block-4ac1e843 alignfull uagb-is-root-container\">\n<div class=\"wp-block-uagb-advanced-heading uagb-block-71f75bf4\"><h1 class=\"uagb-heading-text\">Raphael Alves<\/h1><div class=\"uagb-separator\"><\/div><\/div>\n\n\n\n<h2 class=\"wp-block-heading has-text-align-center has-ast-global-color-1-color has-text-color has-medium-font-size\">Desenvolvedor web full stack<\/h2>\n<\/section>\n\n\n\n<section id=\"about\" class=\"wp-block-uagb-container uagb-block-59897ebe alignfull uagb-is-root-container\"><div class=\"uagb-container-inner-blocks-wrap\">\n<div class=\"wp-block-uagb-container uagb-block-da10842d\">\n<div class=\"wp-block-uagb-image uagb-block-22853d8f wp-block-uagb-image--layout-default wp-block-uagb-image--effect-static wp-block-uagb-image--align-none\"><figure class=\"wp-block-uagb-image__figure\"><img decoding=\"async\" srcset=\"https:\/\/raphaelalves.tech\/wp-content\/uploads\/2025\/05\/me2.jpeg ,https:\/\/raphaelalves.tech\/wp-content\/uploads\/2025\/05\/me2.jpeg 780w, https:\/\/raphaelalves.tech\/wp-content\/uploads\/2025\/05\/me2.jpeg 360w\" sizes=\"auto, (max-width: 480px) 150px\" src=\"https:\/\/raphaelalves.tech\/wp-content\/uploads\/2025\/05\/me2.jpeg\" alt=\"\" class=\"uag-image-122\" width=\"306\" height=\"342\" title=\"me2\" loading=\"lazy\" role=\"img\"\/><\/figure><\/div>\n<\/div>\n\n\n\n<div class=\"wp-block-uagb-container uagb-block-dafb1550\">\n<div class=\"wp-block-uagb-advanced-heading uagb-block-2388c5ce\"><h3 class=\"uagb-heading-text\">Sobre mim<\/h3><div class=\"uagb-separator\"><\/div><\/div>\n\n\n\n<div class=\"wp-block-uagb-advanced-heading uagb-block-21ec9fb8\"><p class=\"uagb-heading-text\">Ol\u00e1, meu nome \u00e9 Raphael Alves, sou desenvolvedor full stack, formado na Fatec e com 7 anos de experi\u00eancia construindo aplica\u00e7\u00f5es web. Eu amo criar experi\u00eancias web responsivas, escal\u00e1veis e focadas no usu\u00e1rio.<br><br>Possuo experi\u00eancia em desenvolvimento de sites responsivos e escal\u00e1veis usando HTML, CSS, JavaScript e PHP. Tenho um forte conhecimento de frameworks de desenvolvimento web como React e Laravel, que me permitem entregar projetos de alta qualidade com efici\u00eancia. Meu portf\u00f3lio inclui uma variedade de projetos da web, variando de p\u00e1ginas de destino simples a sites complexos de com\u00e9rcio eletr\u00f4nico.<br><\/p><\/div>\n\n\n\n<div class=\"wp-block-uagb-advanced-heading uagb-block-403988f9\"><h6 class=\"uagb-heading-text\">raphael.andrade98@outlook.com<\/h6><\/div>\n<\/div>\n\n\n\n<div class=\"wp-block-uagb-container uagb-block-9f75f74a\">\n<div class=\"wp-block-uagb-advanced-heading uagb-block-53e4cb44\"><h5 class=\"uagb-heading-text\">Desenvolvimento vai al\u00e9m de apenas escrever c\u00f3digo<\/h5><div class=\"uagb-separator\"><\/div><\/div>\n\n\n\n<div class=\"wp-block-uagb-advanced-heading uagb-block-03ca2880\"><p class=\"uagb-heading-text\">Acredito que um site n\u00e3o deve apenas ter uma \u00f3tima apar\u00eancia, mas tamb\u00e9m fornecer uma experi\u00eancia de usu\u00e1rio perfeita. \u00c9 por isso que trabalho em colabora\u00e7\u00e3o com meus clientes para entender seus objetivos e projetar solu\u00e7\u00f5es personalizadas que atendam \u00e0s suas necessidades exclusivas.<\/p><\/div>\n\n\n\n<ul class=\"wp-block-social-links has-icon-color is-style-logos-only is-layout-flex wp-block-social-links-is-layout-flex\"><li style=\"color:var(--ast-global-color-1);\" class=\"wp-social-link wp-social-link-github has-ast-global-color-1-color wp-block-social-link\"><a href=\"https:\/\/github.com\/alves-raphael\" class=\"wp-block-social-link-anchor\"><svg width=\"24\" height=\"24\" viewBox=\"0 0 24 24\" version=\"1.1\" xmlns=\"http:\/\/www.w3.org\/2000\/svg\" aria-hidden=\"true\" focusable=\"false\"><path d=\"M12,2C6.477,2,2,6.477,2,12c0,4.419,2.865,8.166,6.839,9.489c0.5,0.09,0.682-0.218,0.682-0.484 c0-0.236-0.009-0.866-0.014-1.699c-2.782,0.602-3.369-1.34-3.369-1.34c-0.455-1.157-1.11-1.465-1.11-1.465 c-0.909-0.62,0.069-0.608,0.069-0.608c1.004,0.071,1.532,1.03,1.532,1.03c0.891,1.529,2.341,1.089,2.91,0.833 c0.091-0.647,0.349-1.086,0.635-1.337c-2.22-0.251-4.555-1.111-4.555-4.943c0-1.091,0.39-1.984,1.03-2.682 C6.546,8.54,6.202,7.524,6.746,6.148c0,0,0.84-0.269,2.75,1.025C10.295,6.95,11.15,6.84,12,6.836 c0.85,0.004,1.705,0.114,2.504,0.336c1.909-1.294,2.748-1.025,2.748-1.025c0.546,1.376,0.202,2.394,0.1,2.646 c0.64,0.699,1.026,1.591,1.026,2.682c0,3.841-2.337,4.687-4.565,4.935c0.359,0.307,0.679,0.917,0.679,1.852 c0,1.335-0.012,2.415-0.012,2.741c0,0.269,0.18,0.579,0.688,0.481C19.138,20.161,22,16.416,22,12C22,6.477,17.523,2,12,2z\"><\/path><\/svg><span class=\"wp-block-social-link-label screen-reader-text\">GitHub<\/span><\/a><\/li>\n\n<li style=\"color:var(--ast-global-color-1);\" class=\"wp-social-link wp-social-link-linkedin has-ast-global-color-1-color wp-block-social-link\"><a href=\"https:\/\/www.linkedin.com\/in\/raphael-alves-dev\/\" class=\"wp-block-social-link-anchor\"><svg width=\"24\" height=\"24\" viewBox=\"0 0 24 24\" version=\"1.1\" xmlns=\"http:\/\/www.w3.org\/2000\/svg\" aria-hidden=\"true\" focusable=\"false\"><path d=\"M19.7,3H4.3C3.582,3,3,3.582,3,4.3v15.4C3,20.418,3.582,21,4.3,21h15.4c0.718,0,1.3-0.582,1.3-1.3V4.3 C21,3.582,20.418,3,19.7,3z M8.339,18.338H5.667v-8.59h2.672V18.338z M7.004,8.574c-0.857,0-1.549-0.694-1.549-1.548 c0-0.855,0.691-1.548,1.549-1.548c0.854,0,1.547,0.694,1.547,1.548C8.551,7.881,7.858,8.574,7.004,8.574z M18.339,18.338h-2.669 v-4.177c0-0.996-0.017-2.278-1.387-2.278c-1.389,0-1.601,1.086-1.601,2.206v4.249h-2.667v-8.59h2.559v1.174h0.037 c0.356-0.675,1.227-1.387,2.526-1.387c2.703,0,3.203,1.779,3.203,4.092V18.338z\"><\/path><\/svg><span class=\"wp-block-social-link-label screen-reader-text\">LinkedIn<\/span><\/a><\/li><\/ul>\n<\/div>\n<\/div><\/section>\n\n\n\n<div id=\"skills\" class=\"wp-block-uagb-container uagb-block-7bb61813 alignfull uagb-is-root-container\"><div class=\"uagb-container-inner-blocks-wrap\">\n<div class=\"wp-block-uagb-container uagb-block-17c53a04\">\n<div class=\"wp-block-uagb-advanced-heading uagb-block-203041b2\"><h5 class=\"uagb-heading-text\">Frontend e Backend<\/h5><div class=\"uagb-separator\"><\/div><\/div>\n\n\n\n<div class=\"wp-block-uagb-advanced-heading uagb-block-27453d5d\"><p class=\"uagb-heading-text\">Meu objetivo como Full Stack Web Developer \u00e9 criar experi\u00eancias web que n\u00e3o apenas atendam, mas excedam as expectativas do usu\u00e1rio. Acredito que a cria\u00e7\u00e3o de aplicativos da Web deve ser um esfor\u00e7o colaborativo e gosto de trabalhar pr\u00f3ximo a clientes e partes interessadas para entender suas necessidades e fornecer solu\u00e7\u00f5es que atendam a seus objetivos.<\/p><\/div>\n\n\n\n<div class=\"wp-block-uagb-buttons uagb-buttons__outer-wrap uagb-btn__default-btn uagb-btn-tablet__default-btn uagb-btn-mobile__default-btn uagb-block-4a4621e9\"><div class=\"uagb-buttons__wrap uagb-buttons-layout-wrap \">\n<div class=\"wp-block-uagb-buttons-child uagb-buttons__outer-wrap uagb-block-1b46b49c wp-block-button\"><div class=\"uagb-button__wrapper\"><a class=\"uagb-buttons-repeater wp-block-button__link\" aria-label=\"\" href=\"https:\/\/raphaelalves.tech\/wp-content\/uploads\/2023\/02\/Raphael-Alves-1.pdf\" rel=\"follow noopener\" target=\"_self\" role=\"button\"><div class=\"uagb-button__link\">Meu curr\u00edculo<\/div><\/a><\/div><\/div>\n<\/div><\/div>\n<\/div>\n\n\n\n<div class=\"wp-block-uagb-container uagb-block-e613851d\">\n<div class=\"wp-block-uagb-advanced-heading uagb-block-3f6d0d3e\"><p class=\"uagb-heading-text\">Nest<\/p><div class=\"uagb-separator\"><\/div><\/div>\n\n\n\n<div class=\"wp-block-uagb-advanced-heading uagb-block-effbfc8a\"><p class=\"uagb-heading-text\">Node.js<\/p><div class=\"uagb-separator\"><\/div><\/div>\n\n\n\n<div class=\"wp-block-uagb-advanced-heading uagb-block-3a045721\"><p class=\"uagb-heading-text\">SQL<\/p><div class=\"uagb-separator\"><\/div><\/div>\n\n\n\n<div class=\"wp-block-uagb-advanced-heading uagb-block-7fd722ce\"><p class=\"uagb-heading-text\">PHP<\/p><div class=\"uagb-separator\"><\/div><\/div>\n\n\n\n<div class=\"wp-block-uagb-advanced-heading uagb-block-89735ae3\"><p class=\"uagb-heading-text\">Docker<\/p><div class=\"uagb-separator\"><\/div><\/div>\n<\/div>\n<\/div><\/div>\n\n\n\n<section id=\"services\" class=\"wp-block-uagb-container uagb-block-68313946 alignfull uagb-is-root-container\"><div class=\"uagb-container-inner-blocks-wrap\">\n<h2 class=\"wp-block-heading has-ffffff-background-color has-background has-medium-font-size\">Meus servi\u00e7os<\/h2>\n\n\n\n<div class=\"wp-block-columns is-layout-flex wp-container-core-columns-is-layout-28f84493 wp-block-columns-is-layout-flex\">\n<div class=\"wp-block-column is-layout-flow wp-block-column-is-layout-flow\">\n<figure class=\"wp-block-image size-large\"><a href=\"https:\/\/francesdeaaz.com\"><img loading=\"lazy\" decoding=\"async\" width=\"1024\" height=\"503\" src=\"https:\/\/raphaelalves.tech\/wp-content\/uploads\/2023\/02\/Screenshot-from-2023-02-25-19-10-12-1024x503.jpg\" alt=\"\" class=\"wp-image-55\" srcset=\"https:\/\/raphaelalves.tech\/wp-content\/uploads\/2023\/02\/Screenshot-from-2023-02-25-19-10-12-1024x503.jpg 1024w, https:\/\/raphaelalves.tech\/wp-content\/uploads\/2023\/02\/Screenshot-from-2023-02-25-19-10-12-300x147.jpg 300w, https:\/\/raphaelalves.tech\/wp-content\/uploads\/2023\/02\/Screenshot-from-2023-02-25-19-10-12-768x377.jpg 768w, https:\/\/raphaelalves.tech\/wp-content\/uploads\/2023\/02\/Screenshot-from-2023-02-25-19-10-12-1536x755.jpg 1536w, https:\/\/raphaelalves.tech\/wp-content\/uploads\/2023\/02\/Screenshot-from-2023-02-25-19-10-12.jpg 1598w\" sizes=\"auto, (max-width: 1024px) 100vw, 1024px\" \/><\/a><figcaption class=\"wp-element-caption\">Franc\u00eas de A a Z<\/figcaption><\/figure>\n<\/div>\n\n\n\n<div class=\"wp-block-column is-layout-flow wp-block-column-is-layout-flow\"><\/div>\n\n\n\n<div class=\"wp-block-column is-layout-flow wp-block-column-is-layout-flow\"><\/div>\n<\/div>\n<\/div><\/section>\n\n\n\n<section id=\"feedbacks\" class=\"wp-block-uagb-container uagb-block-635ea5ef alignfull uagb-is-root-container\"><div class=\"uagb-container-inner-blocks-wrap\">\n<div class=\"wp-block-uagb-info-box uagb-block-2244a7e9 uagb-infobox__content-wrap  uagb-infobox-icon-above-title uagb-infobox-image-valign-top\"><div class=\"uagb-ifb-content\"><div class=\"uagb-ifb-title-wrap\"><h3 class=\"uagb-ifb-title\">Feedback dos meus clientes<\/h3><\/div><p class=\"uagb-ifb-desc\">Veja o que tem a dizer sobre mim<\/p><div class=\"uagb-ifb-separator\"><\/div><\/div><\/div>\n\n\n\n<div class=\"wp-block-uagb-container uagb-block-272a7348\">\n<div class=\"wp-block-uagb-container uagb-block-505a432e\">\n<div class=\"wp-block-uagb-info-box uagb-block-d6c40f7c uagb-infobox__content-wrap  uagb-infobox-icon-above-title uagb-infobox-image-valign-top uag-hide-desktop uag-hide-tab uag-hide-mob\"><div class=\"uagb-ifb-content\"><div class=\"uagb-ifb-image-content\"><img decoding=\"async\" src=\"https:\/\/raphaelalves.tech\/wp-content\/uploads\/2023\/02\/male-3.jpg\" alt=\"\" width=\"100\" height=\"100\" loading=\"lazy\"\/><\/div><div class=\"uagb-ifb-title-wrap\"><h6 class=\"uagb-ifb-title\">John Doe<\/h6><\/div><p class=\"uagb-ifb-desc\">Lorem ipsum dolor sit amet, consectetur adipiscing elit. Ut elit tellus, luctus nec ullamcorper mattis, pulvinar dapibus leo.<\/p><\/div><\/div>\n<\/div>\n\n\n\n<div class=\"wp-block-uagb-container uagb-block-c167ecc0\">\n<div class=\"wp-block-uagb-info-box uagb-block-d26700ad uagb-infobox__content-wrap  uagb-infobox-icon-above-title uagb-infobox-image-valign-top\"><div class=\"uagb-ifb-content\"><div class=\"uagb-ifb-image-content\"><img decoding=\"async\" src=\"https:\/\/raphaelalves.tech\/wp-content\/uploads\/2023\/03\/profile-767x1024-1-e1677681096610.jpeg\" alt=\"\" width=\"100\" height=\"83\" loading=\"lazy\"\/><\/div><div class=\"uagb-ifb-title-wrap\"><h6 class=\"uagb-ifb-title\">Alessandra<\/h6><\/div><p class=\"uagb-ifb-desc\">O Raphael foi excepcional na cria\u00e7\u00e3o do meu site, em poucos dias ele j\u00e1 havia conclu\u00eddo o trabalho e durante todo o processo ele foi super solicito se mostrando sempre disposto a ouvir as minhas ideias e a implementar as altera\u00e7\u00f5es necess\u00e1rias para que o site ficasse exatamente como eu imaginava. Outro ponto que gostaria de destacar \u00e9 a habilidade dele em incorporar elementos importantes, como as informa\u00e7\u00f5es sobre nossos servi\u00e7os, formul\u00e1rios de contato e as demais informa\u00e7\u00f5es sobre a nossa empresa. Raphael, muito obrigada novamente pelo seu excelente trabalho.<\/p><\/div><\/div>\n<\/div>\n\n\n\n<div class=\"wp-block-uagb-container uagb-block-fea6f14d\">\n<div class=\"wp-block-uagb-info-box uagb-block-5befac9e uagb-infobox__content-wrap  uagb-infobox-icon-above-title uagb-infobox-image-valign-top uag-hide-desktop uag-hide-tab uag-hide-mob\"><div class=\"uagb-ifb-content\"><div class=\"uagb-ifb-image-content\"><img decoding=\"async\" src=\"https:\/\/raphaelalves.tech\/wp-content\/uploads\/2023\/02\/male-1.jpg\" alt=\"\" width=\"100\" height=\"100\" loading=\"lazy\"\/><\/div><div class=\"uagb-ifb-title-wrap\"><h6 class=\"uagb-ifb-title\">Samuel Stevens<\/h6><\/div><p class=\"uagb-ifb-desc\">Lorem ipsum dolor sit amet, consectetur adipiscing elit. Ut elit tellus, luctus nec ullamcorper mattis, pulvinar dapibus leo.<\/p><\/div><\/div>\n<\/div>\n<\/div>\n<\/div><\/section>\n","protected":false},"excerpt":{"rendered":"<p>Raphael Alves Desenvolvedor web full stack Sobre mim Ol\u00e1, meu nome \u00e9 Raphael Alves, sou desenvolvedor full stack, formado na Fatec e com 7 anos de experi\u00eancia construindo aplica\u00e7\u00f5es web. Eu amo criar experi\u00eancias web responsivas, escal\u00e1veis e focadas no usu\u00e1rio. Possuo experi\u00eancia em desenvolvimento de sites responsivos e escal\u00e1veis usando HTML, CSS, JavaScript e [&hellip;]<\/p>\n","protected":false},"author":1,"featured_media":0,"parent":0,"menu_order":0,"comment_status":"closed","ping_status":"closed","template":"","meta":{"_uag_custom_page_level_css":"","site-sidebar-layout":"default","site-content-layout":"","ast-site-content-layout":"default","site-content-style":"default","site-sidebar-style":"default","ast-global-header-display":"","ast-banner-title-visibility":"","ast-main-header-display":"","ast-hfb-above-header-display":"","ast-hfb-below-header-display":"","ast-hfb-mobile-header-display":"","site-post-title":"disabled","ast-breadcrumbs-content":"","ast-featured-img":"","footer-sml-layout":"","theme-transparent-header-meta":"","adv-header-id-meta":"","stick-header-meta":"","header-above-stick-meta":"","header-main-stick-meta":"","header-below-stick-meta":"","astra-migrate-meta-layouts":"set","ast-page-background-enabled":"default","ast-page-background-meta":{"desktop":{"background-color":"var(--ast-global-color-4)","background-image":"","background-repeat":"repeat","background-position":"center center","background-size":"auto","background-attachment":"scroll","background-type":"","background-media":"","overlay-type":"","overlay-color":"","overlay-opacity":"","overlay-gradient":""},"tablet":{"background-color":"","background-image":"","background-repeat":"repeat","background-position":"center center","background-size":"auto","background-attachment":"scroll","background-type":"","background-media":"","overlay-type":"","overlay-color":"","overlay-opacity":"","overlay-gradient":""},"mobile":{"background-color":"","background-image":"","background-repeat":"repeat","background-position":"center center","background-size":"auto","background-attachment":"scroll","background-type":"","background-media":"","overlay-type":"","overlay-color":"","overlay-opacity":"","overlay-gradient":""}},"ast-content-background-meta":{"desktop":{"background-color":"var(--ast-global-color-5)","background-image":"","background-repeat":"repeat","background-position":"center center","background-size":"auto","background-attachment":"scroll","background-type":"","background-media":"","overlay-type":"","overlay-color":"","overlay-opacity":"","overlay-gradient":""},"tablet":{"background-color":"var(--ast-global-color-5)","background-image":"","background-repeat":"repeat","background-position":"center center","background-size":"auto","background-attachment":"scroll","background-type":"","background-media":"","overlay-type":"","overlay-color":"","overlay-opacity":"","overlay-gradient":""},"mobile":{"background-color":"var(--ast-global-color-5)","background-image":"","background-repeat":"repeat","background-position":"center center","background-size":"auto","background-attachment":"scroll","background-type":"","background-media":"","overlay-type":"","overlay-color":"","overlay-opacity":"","overlay-gradient":""}},"footnotes":""},"class_list":["post-6","page","type-page","status-publish","hentry"],"uagb_featured_image_src":{"full":false,"thumbnail":false,"medium":false,"medium_large":false,"large":false,"1536x1536":false,"2048x2048":false},"uagb_author_info":{"display_name":"raphael.alves","author_link":"https:\/\/raphaelalves.tech\/index.php\/author\/raphael-alves\/"},"uagb_comment_info":0,"uagb_excerpt":"Raphael Alves Desenvolvedor web full stack Sobre mim Ol\u00e1, meu nome \u00e9 Raphael Alves, sou desenvolvedor full stack, formado na Fatec e com 7 anos de experi\u00eancia construindo aplica\u00e7\u00f5es web. Eu amo criar experi\u00eancias web responsivas, escal\u00e1veis e focadas no usu\u00e1rio. Possuo experi\u00eancia em desenvolvimento de sites responsivos e escal\u00e1veis usando HTML, CSS, JavaScript e&hellip;","_links":{"self":[{"href":"https:\/\/raphaelalves.tech\/index.php\/wp-json\/wp\/v2\/pages\/6","targetHints":{"allow":["GET"]}}],"collection":[{"href":"https:\/\/raphaelalves.tech\/index.php\/wp-json\/wp\/v2\/pages"}],"about":[{"href":"https:\/\/raphaelalves.tech\/index.php\/wp-json\/wp\/v2\/types\/page"}],"author":[{"embeddable":true,"href":"https:\/\/raphaelalves.tech\/index.php\/wp-json\/wp\/v2\/users\/1"}],"replies":[{"embeddable":true,"href":"https:\/\/raphaelalves.tech\/index.php\/wp-json\/wp\/v2\/comments?post=6"}],"version-history":[{"count":51,"href":"https:\/\/raphaelalves.tech\/index.php\/wp-json\/wp\/v2\/pages\/6\/revisions"}],"predecessor-version":[{"id":124,"href":"https:\/\/raphaelalves.tech\/index.php\/wp-json\/wp\/v2\/pages\/6\/revisions\/124"}],"wp:attachment":[{"href":"https:\/\/raphaelalves.tech\/index.php\/wp-json\/wp\/v2\/media?parent=6"}],"curies":[{"name":"wp","href":"https:\/\/api.w.org\/{rel}","templated":true}]}}